{"id":54,"date":"2014-08-01T10:07:44","date_gmt":"2014-08-01T08:07:44","guid":{"rendered":"http:\/\/s337426154.online.de\/?page_id=54"},"modified":"2018-10-30T17:57:24","modified_gmt":"2018-10-30T15:57:24","slug":"kompostierung","status":"publish","type":"page","link":"https:\/\/www.schmiedhof.eu\/?page_id=54","title":{"rendered":"Kompostierung"},"content":{"rendered":"<h3><strong>Kompostierung<\/strong><\/h3>\n<ul class=\"g1-grid\"><li class=\"g1-column g1-two-third g1-valign-top\"><br \/>\nAuf einer Fl\u00e4che von 15.000 qm wird biogener Abfall aus dem S\u00fcdburgenland kompostiert; weiters auch die Gr\u00fcn- und Strauchschnittabf\u00e4lle von den umliegenden Gemeinden.<br \/>\nUm diese \u201ewertvollen biogenen Ausgangstoffe\u201c in hochwertigen Kompost zu verwandeln, m\u00fcssen die Mikroorganismen optimale Lebensbedingungen vorfinden.<\/p>\n<p><strong>3 Faktoren sind dabei entscheidend:<\/strong><br \/>\na) Mischungsverh\u00e4ltnis<br \/>\nb) Feuchtigkeit<br \/>\nc) Sauerstoff<\/p>\n<p>Das angelieferte Material wird sofort auf einer Dreiecksmiete aufgesetzt und w\u00f6chentlich 2 mal umgesetzt. Mittels einer digitalen Temperatursonde wird permanent die Rottetemperatur gemessen und auch Sicker u. Regenwasser r\u00fcckverregent, um eine optimale Feuchtigkeit zu behalten. Nach 10 Wochen wird der Rohkompost auf Halde gelegt und auf 20 mm abgesiebt.<\/p>\n<p>J\u00e4hrlich werden die fertigen Komposte 2 mal nach der Bundeskompostverordnung \u00fcberpr\u00fcft.<br \/>\nEs werden Komposte erzeugt, welche die strengste Kompostg\u00fcteklasse A bzw. A+ (lt.BKVO) erreichen und somit auch f\u00fcr den biologischen Landbau freigegeben sind.<\/p>\n<p><strong>Maschinen:<\/strong><br \/>\nBackhus 17.43 Kompostwender<br \/>\n2 Teleskoplader Kramer 559<br \/>\nG\u00fcllefass 10.000 Liter<br \/>\nTebbe HS\u00a0220 Kompoststreuer<br \/>\nTerra Select T4, Trommelsieb<br \/>\n<\/li><!-- -->\n<li class=\"g1-column g1-one-third g1-valign-top\"><br \/>\n<!-- START REVOLUTION SLIDER 4.3.6 fullwidth mode -->\n\n<div id=\"rev_slider_5_1_wrapper\" class=\"rev_slider_wrapper fullwidthbanner-container\" style=\"margin:0px auto;background-color:#E9E9E9;padding:0px;margin-top:0px;margin-bottom:0px;max-height:320px;\">\n\t<div id=\"rev_slider_5_1\" class=\"rev_slider fullwidthabanner\" style=\"display:none;max-height:320px;height:320;\">\n<ul>\t<!-- SLIDE  -->\n\t<li data-transition=\"fade\" data-slotamount=\"7\" data-masterspeed=\"1000\" >\n\t\t<!-- MAIN IMAGE -->\n\t\t<img src=\"https:\/\/www.schmiedhof.eu\/wp-content\/uploads\/2014\/07\/backhus.png\"  alt=\"backhus\"  data-bgposition=\"center top\" data-bgfit=\"cover\" data-bgrepeat=\"no-repeat\">\n\t\t<!-- LAYERS -->\n\t<\/li>\n\t<!-- SLIDE  -->\n\t<li data-transition=\"fade\" data-slotamount=\"7\" data-masterspeed=\"1000\" >\n\t\t<!-- MAIN IMAGE -->\n\t\t<img src=\"https:\/\/www.schmiedhof.eu\/wp-content\/uploads\/2018\/12\/Kramer.jpg\"  alt=\"Kramer\"  data-bgposition=\"center top\" data-bgfit=\"cover\" data-bgrepeat=\"no-repeat\">\n\t\t<!-- LAYERS -->\n\t<\/li>\n\t<!-- SLIDE  -->\n\t<li data-transition=\"fade\" data-slotamount=\"7\" data-masterspeed=\"1000\" >\n\t\t<!-- MAIN IMAGE -->\n\t\t<img src=\"https:\/\/www.schmiedhof.eu\/wp-content\/uploads\/2016\/07\/terra_slider.jpg\"  alt=\"terra_slider\"  data-bgposition=\"center top\" data-bgfit=\"cover\" data-bgrepeat=\"no-repeat\">\n\t\t<!-- LAYERS -->\n\t<\/li>\n\t<!-- SLIDE  -->\n\t<li data-transition=\"fade\" data-slotamount=\"7\" data-masterspeed=\"1000\" >\n\t\t<!-- MAIN IMAGE -->\n\t\t<img src=\"https:\/\/www.schmiedhof.eu\/wp-content\/uploads\/2018\/12\/Tebbe.jpg\"  alt=\"Tebbe\"  data-bgposition=\"center top\" data-bgfit=\"cover\" data-bgrepeat=\"no-repeat\">\n\t\t<!-- LAYERS -->\n\t<\/li>\n<\/ul>\n<div class=\"tp-bannertimer tp-bottom\" style=\"visibility: hidden !important;\"><\/div>\t<\/div>\n<\/div>\t\t\t\r\n\t\t\t<script type=\"text\/javascript\">\r\n\r\n\t\t\t\tvar tpj=jQuery;\t\t\t\t\r\n\t\t\t\ttpj.noConflict();\t\t\t\t\r\n\t\t\t\tvar revapi5;\r\n\t\t\t\t\r\n\t\t\t\ttpj(document).ready(function() {\r\n\t\t\t\t\t\t\t\t\r\n\t\t\t\tif(tpj('#rev_slider_5_1').revolution == undefined)\r\n\t\t\t\t\trevslider_showDoubleJqueryError('#rev_slider_5_1');\r\n\t\t\t\telse\r\n\t\t\t\t   revapi5 = tpj('#rev_slider_5_1').show().revolution(\r\n\t\t\t\t\t{\r\n\t\t\t\t\t\tdottedOverlay:\"none\",\r\n\t\t\t\t\t\tdelay:4000,\r\n\t\t\t\t\t\tstartwidth:320,\r\n\t\t\t\t\t\tstartheight:320,\r\n\t\t\t\t\t\thideThumbs:200,\r\n\t\t\t\t\t\t\r\n\t\t\t\t\t\tthumbWidth:100,\r\n\t\t\t\t\t\tthumbHeight:50,\r\n\t\t\t\t\t\tthumbAmount:4,\r\n\t\t\t\t\t\t\r\n\t\t\t\t\t\tnavigationType:\"none\",\r\n\t\t\t\t\t\tnavigationArrows:\"none\",\r\n\t\t\t\t\t\tnavigationStyle:\"round\",\r\n\t\t\t\t\t\t\r\n\t\t\t\t\t\ttouchenabled:\"on\",\r\n\t\t\t\t\t\tonHoverStop:\"off\",\r\n\t\t\t\t\t\t\r\n\t\t\t\t\t\tswipe_velocity: 0.7,\r\n\t\t\t\t\t\tswipe_min_touches: 1,\r\n\t\t\t\t\t\tswipe_max_touches: 1,\r\n\t\t\t\t\t\tdrag_block_vertical: false,\r\n\t\t\t\t\t\t\t\t\t\t\t\t\r\n\t\t\t\t\t\tkeyboardNavigation:\"off\",\r\n\t\t\t\t\t\t\r\n\t\t\t\t\t\tnavigationHAlign:\"center\",\r\n\t\t\t\t\t\tnavigationVAlign:\"bottom\",\r\n\t\t\t\t\t\tnavigationHOffset:0,\r\n\t\t\t\t\t\tnavigationVOffset:20,\r\n\r\n\t\t\t\t\t\tsoloArrowLeftHalign:\"left\",\r\n\t\t\t\t\t\tsoloArrowLeftValign:\"center\",\r\n\t\t\t\t\t\tsoloArrowLeftHOffset:20,\r\n\t\t\t\t\t\tsoloArrowLeftVOffset:0,\r\n\r\n\t\t\t\t\t\tsoloArrowRightHalign:\"right\",\r\n\t\t\t\t\t\tsoloArrowRightValign:\"center\",\r\n\t\t\t\t\t\tsoloArrowRightHOffset:20,\r\n\t\t\t\t\t\tsoloArrowRightVOffset:0,\r\n\t\t\t\t\t\t\t\t\r\n\t\t\t\t\t\tshadow:0,\r\n\t\t\t\t\t\tfullWidth:\"on\",\r\n\t\t\t\t\t\tfullScreen:\"off\",\r\n\r\n\t\t\t\t\t\tspinner:\"spinner0\",\r\n\t\t\t\t\t\t\r\n\t\t\t\t\t\tstopLoop:\"off\",\r\n\t\t\t\t\t\tstopAfterLoops:-1,\r\n\t\t\t\t\t\tstopAtSlide:-1,\r\n\r\n\t\t\t\t\t\t\r\n\t\t\t\t\t\tshuffle:\"off\",\r\n\t\t\t\t\t\t\r\n\t\t\t\t\t\tautoHeight:\"off\",\t\t\t\t\t\t\r\n\t\t\t\t\t\tforceFullWidth:\"off\",\t\t\t\t\t\t\r\n\t\t\t\t\t\t\t\t\t\t\t\t\r\n\t\t\t\t\t\t\t\t\t\t\t\t\r\n\t\t\t\t\t\thideTimerBar:\"on\",\t\t\t\t\t\t\r\n\t\t\t\t\t\thideThumbsOnMobile:\"off\",\r\n\t\t\t\t\t\thideNavDelayOnMobile:1500,\t\t\t\t\t\thideBulletsOnMobile:\"off\",\r\n\t\t\t\t\t\thideArrowsOnMobile:\"off\",\r\n\t\t\t\t\t\thideThumbsUnderResolution:0,\r\n\t\t\t\t\t\t\r\n\t\t\t\t\t\thideSliderAtLimit:0,\r\n\t\t\t\t\t\thideCaptionAtLimit:0,\r\n\t\t\t\t\t\thideAllCaptionAtLilmit:0,\r\n\t\t\t\t\t\tstartWithSlide:0,\r\n\t\t\t\t\t\tvideoJsPath:\"https:\/\/www.schmiedhof.eu\/wp-content\/plugins\/revslider\/rs-plugin\/videojs\/\",\r\n\t\t\t\t\t\tfullScreenOffsetContainer: \"\"\t\r\n\t\t\t\t\t});\r\n\t\t\t\t\r\n\t\t\t\t});\t\/\/ready\r\n\t\t\t\t\r\n\t\t\t<\/script>\r\n\t\t\t\r\n\t\t\t<!-- END REVOLUTION SLIDER --><br \/>\n<\/li><!-- --><\/ul>\n","protected":false},"excerpt":{"rendered":"<p>Kompostierung<\/p>\n","protected":false},"author":1,"featured_media":0,"parent":19,"menu_order":2,"comment_status":"closed","ping_status":"closed","template":"","meta":[],"_links":{"self":[{"href":"https:\/\/www.schmiedhof.eu\/index.php?rest_route=\/wp\/v2\/pages\/54"}],"collection":[{"href":"https:\/\/www.schmiedhof.eu\/index.php?rest_route=\/wp\/v2\/pages"}],"about":[{"href":"https:\/\/www.schmiedhof.eu\/index.php?rest_route=\/wp\/v2\/types\/page"}],"author":[{"embeddable":true,"href":"https:\/\/www.schmiedhof.eu\/index.php?rest_route=\/wp\/v2\/users\/1"}],"replies":[{"embeddable":true,"href":"https:\/\/www.schmiedhof.eu\/index.php?rest_route=%2Fwp%2Fv2%2Fcomments&post=54"}],"version-history":[{"count":16,"href":"https:\/\/www.schmiedhof.eu\/index.php?rest_route=\/wp\/v2\/pages\/54\/revisions"}],"predecessor-version":[{"id":407,"href":"https:\/\/www.schmiedhof.eu\/index.php?rest_route=\/wp\/v2\/pages\/54\/revisions\/407"}],"up":[{"embeddable":true,"href":"https:\/\/www.schmiedhof.eu\/index.php?rest_route=\/wp\/v2\/pages\/19"}],"wp:attachment":[{"href":"https:\/\/www.schmiedhof.eu\/index.php?rest_route=%2Fwp%2Fv2%2Fmedia&parent=54"}],"curies":[{"name":"wp","href":"https:\/\/api.w.org\/{rel}","templated":true}]}}