{"id":382,"date":"2018-05-21T11:52:05","date_gmt":"2018-05-21T09:52:05","guid":{"rendered":"http:\/\/www.schmiedhof.eu\/?page_id=382"},"modified":"2018-05-21T12:21:53","modified_gmt":"2018-05-21T10:21:53","slug":"datenschutz","status":"publish","type":"page","link":"https:\/\/www.schmiedhof.eu\/?page_id=382","title":{"rendered":"Datenschutzerkl\u00e4rung"},"content":{"rendered":"<p>1.\tEINLEITUNG<br \/>\nDer Schutz Ihrer pers\u00f6nlichen Daten ist uns, Schmiedhof Werderitsch GmbH, Welgersdorf 113, 7503 Welgersdorf, Mobil: +43 664\/44 14 794, office@schmiedhof.eu, (&#8222;Schmiedhof&#8220;, &#8222;wir&#8220;) ein besonderes Anliegen. Wir verarbeiten Ihre personenbezogenen Daten daher ausschlie\u00dflich auf Grundlage der gesetzlichen Bestimmungen, insbesondere der Datenschutzgrundverordnung (&#8222;DSGVO&#8220;), des anwendbaren Datenschutzgesetzes 2018 (&#8222;DSG&#8220;) und des Telekommunikationsgesetzes (&#8222;TKG&#8220;). Im Folgenden erfahren Sie welche Informationen wir erheben, verarbeiten und nutzen, wenn Sie unsere Website www.schmiedhof.eu (&#8222;Website&#8220;) besuchen und nutzen.<br \/>\nGegebenenfalls m\u00fcssen wir diese Datenschutzerkl\u00e4rung im Zuge der Weiterentwicklung des Internets von Zeit zu Zeit aktualisieren. Wir empfehlen Ihnen daher, diese Seite in regelm\u00e4\u00dfigen Abst\u00e4nden zu \u00fcberpr\u00fcfen, um sicherzustellen, dass Sie die aktuellste Version gelesen haben.<\/p>\n<p>2.\tWAS SIND PERSONENBEZOGENE DATEN?<br \/>\nPersonenbezogene Daten sind Informationen \u00fcber Betroffene, deren Identit\u00e4t bestimmt oder zumindest bestimmbar ist. Darunter fallen etwa Ihr Name, Ihre E-Mail-Adresse, sowie Ihre IP Adresse.<\/p>\n<p>3.\tWELCHE PERSONENBEZOGENEN DATEN ERFASSEN WIR VON IHNEN UND WOF\u00dcR?<br \/>\n3.1.\tKontaktaufnahme<br \/>\nWenn Sie per E-Mail, Telefon oder postalisch mit uns Kontakt aufnehmen, werden Ihre freiwillig angegebenen personenbezogenen Daten (zB E-Mail, Anrede, Name, Title, Firma, Telefon) und der Inhalt Ihrer Anfrage zwecks Bearbeitung dieser und f\u00fcr den Fall von Anschlussfragen sechs Monate bei uns gespeichert (vorvertragliche Ma\u00dfnahmen bzw. berechtigte Interessen). Selbstverst\u00e4ndlich \u00fcbermitteln wir Ihre Anfrage nicht ohne Ihre Einwilligung an Dritte.<\/p>\n<p>3.2.\t\u00dcbermittlung an Dritte<br \/>\nWir \u00fcbermitteln Ihre personenbezogenen Daten im erforderlichen Ausma\u00df auch an externe Erf\u00fcllungsgehilfen oder Dienstleister:<br \/>\n\u2022\tan externe Dritte im erforderlichen Ausma\u00df (zB Wirtschaftspr\u00fcfer, Versicherungen im Versicherungsfall, Rechtsvertreter im Anlassfall etc);<br \/>\n\u2022\tan Beh\u00f6rden und sonstige \u00f6ffentliche Stellen im gesetzlich verpflichtenden Ausma\u00df (zB Finanzbeh\u00f6rden, etc).<br \/>\n4.\tCOOKIES<br \/>\nUnsere Website verwendet sogenannte Cookies, soweit dies technisch f\u00fcr die Nutzung der Website zwingend erforderlich ist. Cookies sind kleine Textdateien, die mit Hilfe des Browsers auf Ihrem Endger\u00e4t abgelegt werden.<br \/>\nWir nutzen Cookies dazu, die Website sowie unser Angebot nutzerfreundlich zu gestalten. Einige Cookies bleiben auf Ihrem Endger\u00e4t gespeichert, bis Sie diese l\u00f6schen. Sie erm\u00f6glichen es uns, Ihren Browser beim n\u00e4chsten Besuch wiederzuerkennen.<br \/>\nWenn Sie dies nicht w\u00fcnschen, so k\u00f6nnen Sie Ihren Browser so einrichten, dass er Sie \u00fcber das Setzen von Cookies informiert und Sie dies nur im Einzelfall erlauben. Bei der Deaktivierung von Cookies kann die Funktionalit\u00e4t unserer Website eingeschr\u00e4nkt sein.<\/p>\n<p>4.1.\tGoogle Maps<br \/>\nUnsere Website verwendet Google Maps API, um geographische Informationen auf der Seite Kontakt\/Anfahrt visuell darzustellen. Google Maps wird von Google Inc., 1600 Amphitheatre Parkway, Mountain View, CA 94043, USA betrieben.<br \/>\nBei der Nutzung von Google Maps werden Informationen \u00fcber die Nutzung unserer Internetseite einschlie\u00dflich Ihrer IP-Adresse an einen Server von Google in den USA \u00fcbertragen und dort gespeichert. Durch die Nutzung dieser Website erkl\u00e4ren Sie sich diesbez\u00fcglich mit der Erfassung, Verarbeitung sowie Nutzung Ihrer automatisch erhobenen Daten durch Google einverstanden. Wir verarbeiten keinesfalls personenbezogene Daten. Die Verarbeitung erfolgt ausschlie\u00dflich \u00fcber Google Inc.<br \/>\nDie Nutzungsbedingungen f\u00fcr Google Maps finden Sie unter Nutzungsbedingungen f\u00fcr Google Maps https:\/\/www.google.com\/intl\/de_de\/help\/terms_maps.html.<br \/>\nWenn Sie nicht w\u00fcnschen, dass Google Maps Ihre personenbezogenen Daten verarbeitet, deaktivieren Sie dazu JavaScript in Ihrem Browser. Wir weisen Sie jedoch darauf hin, dass Sie in diesem Fall die Kartenanzeige nicht nutzen k\u00f6nnen.<\/p>\n<p>4.2.\tSocial Plugins<br \/>\nUnsere Website verwendet folgende Social Plugins (&#8222;Plugins&#8220;) diverser sozialer Netzwerke. Bei Interaktion mit dem Social Plugins verarbeiten ausschlie\u00dflich die sozialen Netzwerke gegebenenfalls personenbezogene Daten wie folgt. Wir erhalten dabei in keinem Fall Kenntnis von etwaigen personenbezogenen Daten (zB IP-Adresse):  <\/p>\n<p>4.2.1.\tNutzung von YouTube<br \/>\nWir haben auch YouTube-Videos auf unserer Website eingebunden, die auf www.youtube.com gespeichert und von unserer Website direkt abspielbar sind. Diese sind derart eingebunden, dass keine personenbezogenen Daten \u00fcber Sie als Nutzer an YouTube \u00fcbertragen, wenn Sie die Videos nicht abspielen.<br \/>\nWenn Sie die Videos abspielen, werden auf Ihrem Rechner YouTube-Cookies gespeichert und Daten an Google, Inc., 1600 Amphitheatre Parkway, Mountain View, CA 94043, USA, als YouTube-Betreiber \u00fcbertragen. Beim Abspielen von bei YouTube gespeicherten Videos werden folgende personenbezogenen Daten an Google, Inc. \u00fcbertragen: IP-Adresse und Cookie-ID, die spezifische Adresse der auf unseren Websites aufgerufenen Seite, Spracheinstellung des Browsers, Systemdatum und Zeit des Aufrufs sowie Kennung Ihres Browsers. Die Daten\u00fcbermittlung erfolgt unabh\u00e4ngig davon, ob Sie bei Google registriert und eingeloggt sind. Wenn Sie eingeloggt sind, werden diese Daten direkt Ihrem Konto zugeordnet.<br \/>\nWenn Sie die Zuordnung zu Ihrem Profil nicht w\u00fcnschen, m\u00fcssen Sie sich vor Aktivierung des Buttons ausloggen. YouTube bzw. Google, Inc. speichert diese Daten als Nutzungsprofile und nutzt diese f\u00fcr Zwecke der Werbung, Marktforschung und\/oder bedarfsgerechten Gestaltung seiner Websites. Eine solche Auswertung erfolgt insbesondere (auch f\u00fcr nicht eingeloggte Nutzer) zur Erbringung von bedarfsgerechter Werbung und um andere Nutzer \u00fcber Ihre Aktivit\u00e4ten auf unserer Website zu informieren. Ihnen steht ein Widerspruchsrecht gegen die Bildung dieser Nutzerprofile zu, wobei Sie sich zur Aus\u00fcbung dessen an Google Inc. als Betreiber von YouTube richten m\u00fcssen. Weitere Informationen zu Zweck und Umfang der Datenerhebung und ihrer Verarbeitung durch Google, Inc. erhalten Sie auf https:\/\/www.google.at\/intl\/de\/policies\/privacy\/. Eine Verarbeitung der erhobenen personenbezogenen Daten bei Abruf des YouTube-Videos durch uns findet nicht statt.<\/p>\n<p>5.\tSPEICHERDAUER<br \/>\nWir speichern Ihre personenbezogenen Daten grunds\u00e4tzlich nur solange, als sie zur Erf\u00fcllung unserer Verpflichtungen Ihnen gegen\u00fcber notwendig sind. Ihre im Rahmen von Anfragen \u00fcbermittelten personenbezogenen Daten speichern wir f\u00fcr die Dauer von sechs Monaten nach Beantwortung der Anfrage, um auf etwaige Folgefragen reagieren zu k\u00f6nnen. <\/p>\n<p>6.\tDATENSICHERHEIT<br \/>\nWir treffen angemessene technische und organisatorische Sicherheitsma\u00dfnahmen zum Schutz Ihrer personenbezogenen Daten vor unbeabsichtigter oder unberechtigter L\u00f6schung, Ver\u00e4nderung oder gegen Verlust, Diebstahl und unberechtigte Einsicht, Weitergabe, Reproduktion, Nutzung, \u00c4nderung oder Zugriff. Dar\u00fcber hinaus sind wir und unsere Mitarbeiter zur Einhaltung des Datengeheimnisses und zur Verschwiegenheit verpflichtet. Ebenso werden unsere Erf\u00fcllungsgehilfen und Beauftragten, die zur Erf\u00fcllung Ihrer beruflichen Aufgaben Zugang zu Ihren personenbezogenen Daten haben m\u00fcssen, Zugriff erhalten und sich denselben Verpflichtungen zur Einhaltung des Datengeheimnisses und zur Verschwiegenheit unterwerfen.<\/p>\n<p>7.\tIHRE BETROFFENENRECHTE<br \/>\nSie k\u00f6nnen jederzeit Auskunft \u00fcber die zu Ihrer Person gespeicherten Daten verlangen. Dar\u00fcber hinaus k\u00f6nnen Sie unter bestimmten Voraussetzungen die Berichtigung oder die L\u00f6schung Ihrer Daten verlangen. Ihnen kann weiterhin ein Recht auf Einschr\u00e4nkung der Verarbeitung Ihrer Daten sowie ein Recht auf Herausgabe der von Ihnen bereitgestellten Daten in einem strukturierten, g\u00e4ngigen und maschinenlesbaren Format zustehen.<\/p>\n<p><strong>Weiters haben Sie ein Recht auf Widerspruch der Datenverarbeitungen, wenn die Verarbeitung Zwecken des Direktmarketings dient. Soweit wir Ihre Daten zu berechtigten Zwecken verarbeiten werden, haben Sie zus\u00e4tzlich das Recht jederzeit zu widersprechen, wenn sich aus Ihrer besonderen Situation Gr\u00fcnde daf\u00fcr ergeben.<\/strong><\/p>\n<p>Sie haben die M\u00f6glichkeit, sich mit einer Beschwerde an eine Datenschutzaufsichtsbeh\u00f6rde zu wenden. Die f\u00fcr uns zust\u00e4ndige Datenschutzaufsichtsbeh\u00f6rde ist: \u00d6sterreichische Datenschutzbeh\u00f6rde, Wickenburggasse 8, 1080 Wien.<br \/>\nBei Fragen k\u00f6nnen Sie sich freilich auch an uns wenden: <\/p>\n<p>Schmiedhof Werderitsch GmbH<br \/>\nWelgersdorf 113, 7503 Welgersdorf<br \/>\nMobil: +43 664\/44 14 794<br \/>\noffice@schmiedhof.eu <\/p>\n<p>Damit wir Ihre Anfrage zu Ihren oben genannten Rechten bearbeiten k\u00f6nnen und um sicherzustellen, dass personenbezogene Daten nicht an unberechtigte Dritte herausgegeben werden, richten Sie bitte die Anfrage unter eindeutiger Identifizierung Ihrer Person sowie mit kurzer Beschreibung \u00fcber den Umfang der Aus\u00fcbung Ihrer oben aufgelisteten Betroffenenrechte.<\/p>\n","protected":false},"excerpt":{"rendered":"<p>1. EINLEITUNG Der Schutz Ihrer pers\u00f6nlichen Daten ist uns, Schmiedhof Werderitsch GmbH, Welgersdorf 113, 7503 Welgersdorf, Mobil: +43 664\/44 14 794, office@schmiedhof.eu, (&#8222;Schmiedhof&#8220;, &#8222;wir&#8220;) ein besonderes Anliegen. Wir verarbeiten Ihre personenbezogenen Daten daher ausschlie\u00dflich auf Grundlage der gesetzlichen Bestimmungen, insbesondere der Datenschutzgrundverordnung (&#8222;DSGVO&#8220;), des anwendbaren Datenschutzgesetzes 2018 (&#8222;DSG&#8220;) und des Telekommunikationsgesetzes (&#8222;TKG&#8220;). Im Folgenden erfahren [&hellip;]<\/p>\n","protected":false},"author":2,"featured_media":0,"parent":0,"menu_order":0,"comment_status":"closed","ping_status":"closed","template":"","meta":[],"_links":{"self":[{"href":"https:\/\/www.schmiedhof.eu\/index.php?rest_route=\/wp\/v2\/pages\/382"}],"collection":[{"href":"https:\/\/www.schmiedhof.eu\/index.php?rest_route=\/wp\/v2\/pages"}],"about":[{"href":"https:\/\/www.schmiedhof.eu\/index.php?rest_route=\/wp\/v2\/types\/page"}],"author":[{"embeddable":true,"href":"https:\/\/www.schmiedhof.eu\/index.php?rest_route=\/wp\/v2\/users\/2"}],"replies":[{"embeddable":true,"href":"https:\/\/www.schmiedhof.eu\/index.php?rest_route=%2Fwp%2Fv2%2Fcomments&post=382"}],"version-history":[{"count":4,"href":"https:\/\/www.schmiedhof.eu\/index.php?rest_route=\/wp\/v2\/pages\/382\/revisions"}],"predecessor-version":[{"id":388,"href":"https:\/\/www.schmiedhof.eu\/index.php?rest_route=\/wp\/v2\/pages\/382\/revisions\/388"}],"wp:attachment":[{"href":"https:\/\/www.schmiedhof.eu\/index.php?rest_route=%2Fwp%2Fv2%2Fmedia&parent=382"}],"curies":[{"name":"wp","href":"https:\/\/api.w.org\/{rel}","templated":true}]}}