{"id":232,"date":"2014-08-13T08:34:57","date_gmt":"2014-08-13T06:34:57","guid":{"rendered":"http:\/\/www.schmiedhof.eu\/?page_id=232"},"modified":"2021-08-17T15:34:32","modified_gmt":"2021-08-17T13:34:32","slug":"aktuelles","status":"publish","type":"page","link":"https:\/\/www.schmiedhof.eu\/?page_id=232","title":{"rendered":"Aktuelles"},"content":{"rendered":"\n<h2 class=\"has-text-align-center\"><strong>\u272a Saison 2021 \u272a<\/strong><\/h2>\n\n\n\n<figure class=\"wp-block-video\"><video controls src=\"https:\/\/www.schmiedhof.eu\/wp-content\/uploads\/2021\/08\/Schmiedhof_Vol1_Homepage-SD-480p.mov\"><\/video><\/figure>\n\n\n\n<h2 class=\"has-text-align-center\"><strong>\u272a Ernte 2020 \u272a<\/strong><\/h2>\n\n\n<!-- START REVOLUTION SLIDER 4.3.6 responsitive mode -->\n\t\t\t<style type='text\/css'>\r\n\t\t\t\t#rev_slider_13_1, #rev_slider_13_1_wrapper { width:600px; height:400px;}\r\n\t\t\t\t\t\t\r\n\t\t\t   @media only screen and (min-width: 600px)  {\r\n\t\t\t \t\t  #rev_slider_13_1, #rev_slider_13_1_wrapper { width:600px; height:400px;}\t\r\n\t\t\t   }\r\n\t\t\t\r\n\t\t\t\t\t\t\r\n\t\t\t   @media only screen and (min-width: 780px) and (max-width: 599px) {\r\n\t\t\t \t\t  #rev_slider_13_1, #rev_slider_13_1_wrapper { width:600px; height:400px;}\t\r\n\t\t\t   }\r\n\t\t\t\r\n\t\t\t\t\t\t\r\n\t\t\t   @media only screen and (min-width: 510px) and (max-width: 779px) {\r\n\t\t\t \t\t  #rev_slider_13_1, #rev_slider_13_1_wrapper { width:500px; height:333px;}\t\r\n\t\t\t   }\r\n\t\t\t\r\n\t\t\t\t\t\t\r\n\t\t\t   @media only screen and (min-width: 0px) and (max-width: 509px) {\r\n\t\t\t \t\t  #rev_slider_13_1, #rev_slider_13_1_wrapper { width:310px; height:206px;}\t\r\n\t\t\t   }\r\n\t\t\t\r\n\t\t\t<\/style>\n<div id=\"rev_slider_13_1_wrapper\" class=\"rev_slider_wrapper\" style=\"margin:0px auto;background-color:#E9E9E9;padding:0px;margin-top:0px;margin-bottom:0px;\">\n\t<div id=\"rev_slider_13_1\" class=\"rev_slider\" style=\"display:none;\">\n<ul>\t<!-- SLIDE  -->\n\t<li data-transition=\"fade\" data-slotamount=\"7\" data-masterspeed=\"1000\" >\n\t\t<!-- MAIN IMAGE -->\n\t\t<img src=\"https:\/\/www.schmiedhof.eu\/wp-content\/uploads\/2020\/10\/91471ac9-4b1e-46a7-a227-3fd0f97241b7.jpeg\"  alt=\"91471ac9-4b1e-46a7-a227-3fd0f97241b7\"  data-bgposition=\"center top\" data-bgfit=\"cover\" data-bgrepeat=\"no-repeat\">\n\t\t<!-- LAYERS -->\n\t<\/li>\n\t<!-- SLIDE  -->\n\t<li data-transition=\"fade\" data-slotamount=\"7\" data-masterspeed=\"1000\" >\n\t\t<!-- MAIN IMAGE -->\n\t\t<img src=\"https:\/\/www.schmiedhof.eu\/wp-content\/uploads\/2020\/10\/3773e78c-0990-4a35-80d7-95cc933106b5.jpeg\"  alt=\"3773e78c-0990-4a35-80d7-95cc933106b5\"  data-bgposition=\"center top\" data-bgfit=\"cover\" data-bgrepeat=\"no-repeat\">\n\t\t<!-- LAYERS -->\n\t<\/li>\n\t<!-- SLIDE  -->\n\t<li data-transition=\"fade\" data-slotamount=\"7\" data-masterspeed=\"1000\" >\n\t\t<!-- MAIN IMAGE -->\n\t\t<img src=\"https:\/\/www.schmiedhof.eu\/wp-content\/uploads\/2020\/10\/af9d9286-6eeb-4aa6-9c6d-d7536fa9b02b.jpeg\"  alt=\"af9d9286-6eeb-4aa6-9c6d-d7536fa9b02b\"  data-bgposition=\"center top\" data-bgfit=\"cover\" data-bgrepeat=\"no-repeat\">\n\t\t<!-- LAYERS -->\n\t<\/li>\n\t<!-- SLIDE  -->\n\t<li data-transition=\"fade\" data-slotamount=\"7\" data-masterspeed=\"1000\" >\n\t\t<!-- MAIN IMAGE -->\n\t\t<img src=\"https:\/\/www.schmiedhof.eu\/wp-content\/uploads\/2020\/10\/9254aa08-5884-4267-b37c-5a020b111564.jpeg\"  alt=\"9254aa08-5884-4267-b37c-5a020b111564\"  data-bgposition=\"center top\" data-bgfit=\"cover\" data-bgrepeat=\"no-repeat\">\n\t\t<!-- LAYERS -->\n\t<\/li>\n\t<!-- SLIDE  -->\n\t<li data-transition=\"fade\" data-slotamount=\"7\" data-masterspeed=\"1000\" >\n\t\t<!-- MAIN IMAGE -->\n\t\t<img src=\"https:\/\/www.schmiedhof.eu\/wp-content\/uploads\/2020\/10\/4c4d8b51-8639-4347-874d-84124d37fd84.jpeg\"  alt=\"4c4d8b51-8639-4347-874d-84124d37fd84\"  data-bgposition=\"center top\" data-bgfit=\"cover\" data-bgrepeat=\"no-repeat\">\n\t\t<!-- LAYERS -->\n\t<\/li>\n\t<!-- SLIDE  -->\n\t<li data-transition=\"fade\" data-slotamount=\"7\" data-masterspeed=\"1000\" >\n\t\t<!-- MAIN IMAGE -->\n\t\t<img src=\"https:\/\/www.schmiedhof.eu\/wp-content\/uploads\/2020\/10\/36d1ee97-d59a-4c25-8e9f-08d6d3397b3d.jpeg\"  alt=\"36d1ee97-d59a-4c25-8e9f-08d6d3397b3d\"  data-bgposition=\"center top\" data-bgfit=\"cover\" data-bgrepeat=\"no-repeat\">\n\t\t<!-- LAYERS -->\n\t<\/li>\n\t<!-- SLIDE  -->\n\t<li data-transition=\"fade\" data-slotamount=\"7\" data-masterspeed=\"1000\" >\n\t\t<!-- MAIN IMAGE -->\n\t\t<img src=\"https:\/\/www.schmiedhof.eu\/wp-content\/uploads\/2020\/10\/f6eab1cb-0b31-4afe-8490-fb991446e2e8.jpeg\"  alt=\"f6eab1cb-0b31-4afe-8490-fb991446e2e8\"  data-bgposition=\"center top\" data-bgfit=\"cover\" data-bgrepeat=\"no-repeat\">\n\t\t<!-- LAYERS -->\n\t<\/li>\n<\/ul>\n<div class=\"tp-bannertimer\"><\/div>\t<\/div>\n<\/div>\t\t\t\r\n\t\t\t<script type=\"text\/javascript\">\r\n\r\n\t\t\t\tvar tpj=jQuery;\t\t\t\t\r\n\t\t\t\ttpj.noConflict();\t\t\t\t\r\n\t\t\t\tvar revapi13;\r\n\t\t\t\t\r\n\t\t\t\ttpj(document).ready(function() {\r\n\t\t\t\t\t\t\t\t\r\n\t\t\t\tif(tpj('#rev_slider_13_1').revolution == undefined)\r\n\t\t\t\t\trevslider_showDoubleJqueryError('#rev_slider_13_1');\r\n\t\t\t\telse\r\n\t\t\t\t   revapi13 = tpj('#rev_slider_13_1').show().revolution(\r\n\t\t\t\t\t{\r\n\t\t\t\t\t\tdottedOverlay:\"none\",\r\n\t\t\t\t\t\tdelay:4000,\r\n\t\t\t\t\t\tstartwidth:600,\r\n\t\t\t\t\t\tstartheight:400,\r\n\t\t\t\t\t\thideThumbs:200,\r\n\t\t\t\t\t\t\r\n\t\t\t\t\t\tthumbWidth:100,\r\n\t\t\t\t\t\tthumbHeight:50,\r\n\t\t\t\t\t\tthumbAmount:5,\r\n\t\t\t\t\t\t\r\n\t\t\t\t\t\tnavigationType:\"bullet\",\r\n\t\t\t\t\t\tnavigationArrows:\"solo\",\r\n\t\t\t\t\t\tnavigationStyle:\"round\",\r\n\t\t\t\t\t\t\r\n\t\t\t\t\t\ttouchenabled:\"on\",\r\n\t\t\t\t\t\tonHoverStop:\"on\",\r\n\t\t\t\t\t\t\r\n\t\t\t\t\t\tswipe_velocity: 0.7,\r\n\t\t\t\t\t\tswipe_min_touches: 1,\r\n\t\t\t\t\t\tswipe_max_touches: 1,\r\n\t\t\t\t\t\tdrag_block_vertical: false,\r\n\t\t\t\t\t\t\t\t\t\t\t\t\r\n\t\t\t\t\t\tkeyboardNavigation:\"off\",\r\n\t\t\t\t\t\t\r\n\t\t\t\t\t\tnavigationHAlign:\"center\",\r\n\t\t\t\t\t\tnavigationVAlign:\"bottom\",\r\n\t\t\t\t\t\tnavigationHOffset:0,\r\n\t\t\t\t\t\tnavigationVOffset:20,\r\n\r\n\t\t\t\t\t\tsoloArrowLeftHalign:\"left\",\r\n\t\t\t\t\t\tsoloArrowLeftValign:\"center\",\r\n\t\t\t\t\t\tsoloArrowLeftHOffset:20,\r\n\t\t\t\t\t\tsoloArrowLeftVOffset:0,\r\n\r\n\t\t\t\t\t\tsoloArrowRightHalign:\"right\",\r\n\t\t\t\t\t\tsoloArrowRightValign:\"center\",\r\n\t\t\t\t\t\tsoloArrowRightHOffset:20,\r\n\t\t\t\t\t\tsoloArrowRightVOffset:0,\r\n\t\t\t\t\t\t\t\t\r\n\t\t\t\t\t\tshadow:2,\r\n\t\t\t\t\t\tfullWidth:\"off\",\r\n\t\t\t\t\t\tfullScreen:\"off\",\r\n\r\n\t\t\t\t\t\tspinner:\"spinner0\",\r\n\t\t\t\t\t\t\r\n\t\t\t\t\t\tstopLoop:\"off\",\r\n\t\t\t\t\t\tstopAfterLoops:-1,\r\n\t\t\t\t\t\tstopAtSlide:-1,\r\n\r\n\t\t\t\t\t\t\r\n\t\t\t\t\t\tshuffle:\"off\",\r\n\t\t\t\t\t\t\r\n\t\t\t\t\t\t\t\t\t\t\t\t\r\n\t\t\t\t\t\t\t\t\t\t\t\t\r\n\t\t\t\t\t\t\t\t\t\t\t\t\r\n\t\t\t\t\t\t\t\t\t\t\t\t\r\n\t\t\t\t\t\t\t\t\t\t\t\t\r\n\t\t\t\t\t\thideThumbsOnMobile:\"off\",\r\n\t\t\t\t\t\thideNavDelayOnMobile:1500,\t\t\t\t\t\thideBulletsOnMobile:\"off\",\r\n\t\t\t\t\t\thideArrowsOnMobile:\"off\",\r\n\t\t\t\t\t\thideThumbsUnderResolution:0,\r\n\t\t\t\t\t\t\r\n\t\t\t\t\t\thideSliderAtLimit:0,\r\n\t\t\t\t\t\thideCaptionAtLimit:0,\r\n\t\t\t\t\t\thideAllCaptionAtLilmit:0,\r\n\t\t\t\t\t\tstartWithSlide:0,\r\n\t\t\t\t\t\tvideoJsPath:\"https:\/\/www.schmiedhof.eu\/wp-content\/plugins\/revslider\/rs-plugin\/videojs\/\",\r\n\t\t\t\t\t\tfullScreenOffsetContainer: \"\"\t\r\n\t\t\t\t\t});\r\n\t\t\t\t\r\n\t\t\t\t});\t\/\/ready\r\n\t\t\t\t\r\n\t\t\t<\/script>\r\n\t\t\t\r\n\t\t\t<!-- END REVOLUTION SLIDER -->\n\n\n\n<p><\/p>\n\n\n\n<p><\/p>\n\n\n\n<h3 class=\"has-text-align-center\"><strong>\u272a Ernte 2019 \u272a<\/strong><\/h3>\n\n\n\n<h3 class=\"has-text-align-center\"><iframe loading=\"lazy\" width=\"600\" height=\"450\" src=\"https:\/\/www.youtube.com\/embed\/3V3Itg4Kb8o\" frameborder=\"0\" allow=\"accelerometer; autoplay; encrypted-media; gyroscope; picture-in-picture\" allowfullscreen=\"\"><\/iframe><\/h3>\n\n\n<!-- START REVOLUTION SLIDER 4.3.6 responsitive mode -->\n\t\t\t<style type='text\/css'>\r\n\t\t\t\t#rev_slider_9_2, #rev_slider_9_2_wrapper { width:600px; height:450px;}\r\n\t\t\t\t\t\t\r\n\t\t\t   @media only screen and (min-width: 600px)  {\r\n\t\t\t \t\t  #rev_slider_9_2, #rev_slider_9_2_wrapper { width:600px; height:450px;}\t\r\n\t\t\t   }\r\n\t\t\t\r\n\t\t\t\t\t\t\r\n\t\t\t   @media only screen and (min-width: 780px) and (max-width: 599px) {\r\n\t\t\t \t\t  #rev_slider_9_2, #rev_slider_9_2_wrapper { width:600px; height:450px;}\t\r\n\t\t\t   }\r\n\t\t\t\r\n\t\t\t\t\t\t\r\n\t\t\t   @media only screen and (min-width: 510px) and (max-width: 779px) {\r\n\t\t\t \t\t  #rev_slider_9_2, #rev_slider_9_2_wrapper { width:500px; height:375px;}\t\r\n\t\t\t   }\r\n\t\t\t\r\n\t\t\t\t\t\t\r\n\t\t\t   @media only screen and (min-width: 0px) and (max-width: 509px) {\r\n\t\t\t \t\t  #rev_slider_9_2, #rev_slider_9_2_wrapper { width:310px; height:232px;}\t\r\n\t\t\t   }\r\n\t\t\t\r\n\t\t\t<\/style>\n<div id=\"rev_slider_9_2_wrapper\" class=\"rev_slider_wrapper\" style=\"margin:0px auto;background-color:#E9E9E9;padding:0px;margin-top:0px;margin-bottom:0px;\">\n\t<div id=\"rev_slider_9_2\" class=\"rev_slider\" style=\"display:none;\">\n<ul>\t<!-- SLIDE  -->\n\t<li data-transition=\"fade\" data-slotamount=\"7\" data-masterspeed=\"1000\" >\n\t\t<!-- MAIN IMAGE -->\n\t\t<img src=\"https:\/\/www.schmiedhof.eu\/wp-content\/uploads\/2020\/01\/Ernte19_1.jpg\"  alt=\"Ernte19_1\"  data-bgposition=\"center top\" data-bgfit=\"cover\" data-bgrepeat=\"no-repeat\">\n\t\t<!-- LAYERS -->\n\t<\/li>\n\t<!-- SLIDE  -->\n\t<li data-transition=\"fade\" data-slotamount=\"7\" data-masterspeed=\"1000\" >\n\t\t<!-- MAIN IMAGE -->\n\t\t<img src=\"https:\/\/www.schmiedhof.eu\/wp-content\/uploads\/2020\/01\/Ernte19_3.jpg\"  alt=\"Ernte19_3\"  data-bgposition=\"center top\" data-bgfit=\"cover\" data-bgrepeat=\"no-repeat\">\n\t\t<!-- LAYERS -->\n\t<\/li>\n\t<!-- SLIDE  -->\n\t<li data-transition=\"fade\" data-slotamount=\"7\" data-masterspeed=\"1000\" >\n\t\t<!-- MAIN IMAGE -->\n\t\t<img src=\"https:\/\/www.schmiedhof.eu\/wp-content\/uploads\/2020\/01\/Ernte19_4.jpg\"  alt=\"Ernte19_4\"  data-bgposition=\"center top\" data-bgfit=\"cover\" data-bgrepeat=\"no-repeat\">\n\t\t<!-- LAYERS -->\n\t<\/li>\n\t<!-- SLIDE  -->\n\t<li data-transition=\"fade\" data-slotamount=\"7\" data-masterspeed=\"1000\" >\n\t\t<!-- MAIN IMAGE -->\n\t\t<img src=\"https:\/\/www.schmiedhof.eu\/wp-content\/uploads\/2020\/01\/Ernte19_5.jpg\"  alt=\"Ernte19_5\"  data-bgposition=\"center top\" data-bgfit=\"cover\" data-bgrepeat=\"no-repeat\">\n\t\t<!-- LAYERS -->\n\t<\/li>\n\t<!-- SLIDE  -->\n\t<li data-transition=\"fade\" data-slotamount=\"7\" data-masterspeed=\"1000\" >\n\t\t<!-- MAIN IMAGE -->\n\t\t<img src=\"https:\/\/www.schmiedhof.eu\/wp-content\/uploads\/2020\/01\/Ernte19_2.jpg\"  alt=\"Ernte19_2\"  data-bgposition=\"center top\" data-bgfit=\"cover\" data-bgrepeat=\"no-repeat\">\n\t\t<!-- LAYERS -->\n\t<\/li>\n<\/ul>\n<div class=\"tp-bannertimer\"><\/div>\t<\/div>\n<\/div>\t\t\t\r\n\t\t\t<script type=\"text\/javascript\">\r\n\r\n\t\t\t\tvar tpj=jQuery;\t\t\t\t\r\n\t\t\t\ttpj.noConflict();\t\t\t\t\r\n\t\t\t\tvar revapi9;\r\n\t\t\t\t\r\n\t\t\t\ttpj(document).ready(function() {\r\n\t\t\t\t\t\t\t\t\r\n\t\t\t\tif(tpj('#rev_slider_9_2').revolution == undefined)\r\n\t\t\t\t\trevslider_showDoubleJqueryError('#rev_slider_9_2');\r\n\t\t\t\telse\r\n\t\t\t\t   revapi9 = tpj('#rev_slider_9_2').show().revolution(\r\n\t\t\t\t\t{\r\n\t\t\t\t\t\tdottedOverlay:\"none\",\r\n\t\t\t\t\t\tdelay:4000,\r\n\t\t\t\t\t\tstartwidth:600,\r\n\t\t\t\t\t\tstartheight:450,\r\n\t\t\t\t\t\thideThumbs:200,\r\n\t\t\t\t\t\t\r\n\t\t\t\t\t\tthumbWidth:100,\r\n\t\t\t\t\t\tthumbHeight:50,\r\n\t\t\t\t\t\tthumbAmount:5,\r\n\t\t\t\t\t\t\r\n\t\t\t\t\t\tnavigationType:\"bullet\",\r\n\t\t\t\t\t\tnavigationArrows:\"solo\",\r\n\t\t\t\t\t\tnavigationStyle:\"round\",\r\n\t\t\t\t\t\t\r\n\t\t\t\t\t\ttouchenabled:\"on\",\r\n\t\t\t\t\t\tonHoverStop:\"on\",\r\n\t\t\t\t\t\t\r\n\t\t\t\t\t\tswipe_velocity: 0.7,\r\n\t\t\t\t\t\tswipe_min_touches: 1,\r\n\t\t\t\t\t\tswipe_max_touches: 1,\r\n\t\t\t\t\t\tdrag_block_vertical: false,\r\n\t\t\t\t\t\t\t\t\t\t\t\t\r\n\t\t\t\t\t\tkeyboardNavigation:\"off\",\r\n\t\t\t\t\t\t\r\n\t\t\t\t\t\tnavigationHAlign:\"center\",\r\n\t\t\t\t\t\tnavigationVAlign:\"bottom\",\r\n\t\t\t\t\t\tnavigationHOffset:0,\r\n\t\t\t\t\t\tnavigationVOffset:20,\r\n\r\n\t\t\t\t\t\tsoloArrowLeftHalign:\"left\",\r\n\t\t\t\t\t\tsoloArrowLeftValign:\"center\",\r\n\t\t\t\t\t\tsoloArrowLeftHOffset:20,\r\n\t\t\t\t\t\tsoloArrowLeftVOffset:0,\r\n\r\n\t\t\t\t\t\tsoloArrowRightHalign:\"right\",\r\n\t\t\t\t\t\tsoloArrowRightValign:\"center\",\r\n\t\t\t\t\t\tsoloArrowRightHOffset:20,\r\n\t\t\t\t\t\tsoloArrowRightVOffset:0,\r\n\t\t\t\t\t\t\t\t\r\n\t\t\t\t\t\tshadow:2,\r\n\t\t\t\t\t\tfullWidth:\"off\",\r\n\t\t\t\t\t\tfullScreen:\"off\",\r\n\r\n\t\t\t\t\t\tspinner:\"spinner0\",\r\n\t\t\t\t\t\t\r\n\t\t\t\t\t\tstopLoop:\"off\",\r\n\t\t\t\t\t\tstopAfterLoops:-1,\r\n\t\t\t\t\t\tstopAtSlide:-1,\r\n\r\n\t\t\t\t\t\t\r\n\t\t\t\t\t\tshuffle:\"off\",\r\n\t\t\t\t\t\t\r\n\t\t\t\t\t\t\t\t\t\t\t\t\r\n\t\t\t\t\t\t\t\t\t\t\t\t\r\n\t\t\t\t\t\t\t\t\t\t\t\t\r\n\t\t\t\t\t\t\t\t\t\t\t\t\r\n\t\t\t\t\t\t\t\t\t\t\t\t\r\n\t\t\t\t\t\thideThumbsOnMobile:\"off\",\r\n\t\t\t\t\t\thideNavDelayOnMobile:1500,\t\t\t\t\t\thideBulletsOnMobile:\"off\",\r\n\t\t\t\t\t\thideArrowsOnMobile:\"off\",\r\n\t\t\t\t\t\thideThumbsUnderResolution:0,\r\n\t\t\t\t\t\t\r\n\t\t\t\t\t\thideSliderAtLimit:0,\r\n\t\t\t\t\t\thideCaptionAtLimit:0,\r\n\t\t\t\t\t\thideAllCaptionAtLilmit:0,\r\n\t\t\t\t\t\tstartWithSlide:0,\r\n\t\t\t\t\t\tvideoJsPath:\"https:\/\/www.schmiedhof.eu\/wp-content\/plugins\/revslider\/rs-plugin\/videojs\/\",\r\n\t\t\t\t\t\tfullScreenOffsetContainer: \"\"\t\r\n\t\t\t\t\t});\r\n\t\t\t\t\r\n\t\t\t\t});\t\/\/ready\r\n\t\t\t\t\r\n\t\t\t<\/script>\r\n\t\t\t\r\n\t\t\t<!-- END REVOLUTION SLIDER -->\n\n\n\n<p><\/p>\n\n\n\n<p><\/p>\n\n\n\n<h3 class=\"has-text-align-center\"><strong>\u272a Weizenernte 2018 \u272a<\/strong><\/h3>\n\n\n<!-- START REVOLUTION SLIDER 4.3.6 responsitive mode -->\n\t\t\t<style type='text\/css'>\r\n\t\t\t\t#rev_slider_8_3, #rev_slider_8_3_wrapper { width:600px; height:450px;}\r\n\t\t\t\t\t\t\r\n\t\t\t   @media only screen and (min-width: 600px)  {\r\n\t\t\t \t\t  #rev_slider_8_3, #rev_slider_8_3_wrapper { width:600px; height:450px;}\t\r\n\t\t\t   }\r\n\t\t\t\r\n\t\t\t\t\t\t\r\n\t\t\t   @media only screen and (min-width: 780px) and (max-width: 599px) {\r\n\t\t\t \t\t  #rev_slider_8_3, #rev_slider_8_3_wrapper { width:600px; height:450px;}\t\r\n\t\t\t   }\r\n\t\t\t\r\n\t\t\t\t\t\t\r\n\t\t\t   @media only screen and (min-width: 510px) and (max-width: 779px) {\r\n\t\t\t \t\t  #rev_slider_8_3, #rev_slider_8_3_wrapper { width:500px; height:375px;}\t\r\n\t\t\t   }\r\n\t\t\t\r\n\t\t\t\t\t\t\r\n\t\t\t   @media only screen and (min-width: 0px) and (max-width: 509px) {\r\n\t\t\t \t\t  #rev_slider_8_3, #rev_slider_8_3_wrapper { width:310px; height:232px;}\t\r\n\t\t\t   }\r\n\t\t\t\r\n\t\t\t<\/style>\n<div id=\"rev_slider_8_3_wrapper\" class=\"rev_slider_wrapper\" style=\"margin:0px auto;background-color:#E9E9E9;padding:0px;margin-top:0px;margin-bottom:0px;\">\n\t<div id=\"rev_slider_8_3\" class=\"rev_slider\" style=\"display:none;\">\n<ul>\t<!-- SLIDE  -->\n\t<li data-transition=\"fade\" data-slotamount=\"7\" data-masterspeed=\"1000\" >\n\t\t<!-- MAIN IMAGE -->\n\t\t<img src=\"https:\/\/www.schmiedhof.eu\/wp-content\/uploads\/2018\/07\/2018_7.jpg\"  alt=\"2018_7\"  data-bgposition=\"center top\" data-bgfit=\"cover\" data-bgrepeat=\"no-repeat\">\n\t\t<!-- LAYERS -->\n\t<\/li>\n\t<!-- SLIDE  -->\n\t<li data-transition=\"fade\" data-slotamount=\"7\" data-masterspeed=\"1000\" >\n\t\t<!-- MAIN IMAGE -->\n\t\t<img src=\"https:\/\/www.schmiedhof.eu\/wp-content\/uploads\/2018\/07\/2018_6.jpg\"  alt=\"2018_6\"  data-bgposition=\"center top\" data-bgfit=\"cover\" data-bgrepeat=\"no-repeat\">\n\t\t<!-- LAYERS -->\n\t<\/li>\n\t<!-- SLIDE  -->\n\t<li data-transition=\"fade\" data-slotamount=\"7\" data-masterspeed=\"1000\" >\n\t\t<!-- MAIN IMAGE -->\n\t\t<img src=\"https:\/\/www.schmiedhof.eu\/wp-content\/uploads\/2018\/07\/2018_5.jpg\"  alt=\"2018_5\"  data-bgposition=\"center top\" data-bgfit=\"cover\" data-bgrepeat=\"no-repeat\">\n\t\t<!-- LAYERS -->\n\t<\/li>\n\t<!-- SLIDE  -->\n\t<li data-transition=\"fade\" data-slotamount=\"7\" data-masterspeed=\"1000\" >\n\t\t<!-- MAIN IMAGE -->\n\t\t<img src=\"https:\/\/www.schmiedhof.eu\/wp-content\/uploads\/2018\/07\/2018_4.jpg\"  alt=\"2018_4\"  data-bgposition=\"center top\" data-bgfit=\"cover\" data-bgrepeat=\"no-repeat\">\n\t\t<!-- LAYERS -->\n\t<\/li>\n\t<!-- SLIDE  -->\n\t<li data-transition=\"fade\" data-slotamount=\"7\" data-masterspeed=\"1000\" >\n\t\t<!-- MAIN IMAGE -->\n\t\t<img src=\"https:\/\/www.schmiedhof.eu\/wp-content\/uploads\/2018\/07\/2018_3.jpg\"  alt=\"2018_3\"  data-bgposition=\"center top\" data-bgfit=\"cover\" data-bgrepeat=\"no-repeat\">\n\t\t<!-- LAYERS -->\n\t<\/li>\n\t<!-- SLIDE  -->\n\t<li data-transition=\"fade\" data-slotamount=\"7\" data-masterspeed=\"1000\" >\n\t\t<!-- MAIN IMAGE -->\n\t\t<img src=\"https:\/\/www.schmiedhof.eu\/wp-content\/uploads\/2018\/07\/2018_2.jpg\"  alt=\"2018_2\"  data-bgposition=\"center top\" data-bgfit=\"cover\" data-bgrepeat=\"no-repeat\">\n\t\t<!-- LAYERS -->\n\t<\/li>\n\t<!-- SLIDE  -->\n\t<li data-transition=\"fade\" data-slotamount=\"7\" data-masterspeed=\"1000\" >\n\t\t<!-- MAIN IMAGE -->\n\t\t<img src=\"https:\/\/www.schmiedhof.eu\/wp-content\/uploads\/2014\/08\/aktuell9.jpg\"  alt=\"aktuell9\"  data-bgposition=\"center top\" data-bgfit=\"cover\" data-bgrepeat=\"no-repeat\">\n\t\t<!-- LAYERS -->\n\t<\/li>\n\t<!-- SLIDE  -->\n\t<li data-transition=\"fade\" data-slotamount=\"7\" data-masterspeed=\"1000\" >\n\t\t<!-- MAIN IMAGE -->\n\t\t<img src=\"https:\/\/www.schmiedhof.eu\/wp-content\/uploads\/2014\/08\/aktuell10.jpg\"  alt=\"aktuell10\"  data-bgposition=\"center top\" data-bgfit=\"cover\" data-bgrepeat=\"no-repeat\">\n\t\t<!-- LAYERS -->\n\t<\/li>\n\t<!-- SLIDE  -->\n\t<li data-transition=\"fade\" data-slotamount=\"7\" data-masterspeed=\"1000\" >\n\t\t<!-- MAIN IMAGE -->\n\t\t<img src=\"https:\/\/www.schmiedhof.eu\/wp-content\/uploads\/2018\/07\/2018_1.jpg\"  alt=\"2018_1\"  data-bgposition=\"center top\" data-bgfit=\"cover\" data-bgrepeat=\"no-repeat\">\n\t\t<!-- LAYERS -->\n\t<\/li>\n\t<!-- SLIDE  -->\n\t<li data-transition=\"fade\" data-slotamount=\"7\" data-masterspeed=\"1000\" >\n\t\t<!-- MAIN IMAGE -->\n\t\t<img src=\"https:\/\/www.schmiedhof.eu\/wp-content\/uploads\/2014\/08\/aktuell12.jpg\"  alt=\"aktuell12\"  data-bgposition=\"center top\" data-bgfit=\"cover\" data-bgrepeat=\"no-repeat\">\n\t\t<!-- LAYERS -->\n\t<\/li>\n\t<!-- SLIDE  -->\n\t<li data-transition=\"fade\" data-slotamount=\"7\" data-masterspeed=\"1000\" >\n\t\t<!-- MAIN IMAGE -->\n\t\t<img src=\"https:\/\/www.schmiedhof.eu\/wp-content\/uploads\/2018\/12\/Regenbogen.jpg\"  alt=\"Regenbogen\"  data-bgposition=\"center top\" data-bgfit=\"cover\" data-bgrepeat=\"no-repeat\">\n\t\t<!-- LAYERS -->\n\t<\/li>\n<\/ul>\n<div class=\"tp-bannertimer\"><\/div>\t<\/div>\n<\/div>\t\t\t\r\n\t\t\t<script type=\"text\/javascript\">\r\n\r\n\t\t\t\tvar tpj=jQuery;\t\t\t\t\r\n\t\t\t\ttpj.noConflict();\t\t\t\t\r\n\t\t\t\tvar revapi8;\r\n\t\t\t\t\r\n\t\t\t\ttpj(document).ready(function() {\r\n\t\t\t\t\t\t\t\t\r\n\t\t\t\tif(tpj('#rev_slider_8_3').revolution == undefined)\r\n\t\t\t\t\trevslider_showDoubleJqueryError('#rev_slider_8_3');\r\n\t\t\t\telse\r\n\t\t\t\t   revapi8 = tpj('#rev_slider_8_3').show().revolution(\r\n\t\t\t\t\t{\r\n\t\t\t\t\t\tdottedOverlay:\"none\",\r\n\t\t\t\t\t\tdelay:4000,\r\n\t\t\t\t\t\tstartwidth:600,\r\n\t\t\t\t\t\tstartheight:450,\r\n\t\t\t\t\t\thideThumbs:200,\r\n\t\t\t\t\t\t\r\n\t\t\t\t\t\tthumbWidth:100,\r\n\t\t\t\t\t\tthumbHeight:50,\r\n\t\t\t\t\t\tthumbAmount:5,\r\n\t\t\t\t\t\t\r\n\t\t\t\t\t\tnavigationType:\"bullet\",\r\n\t\t\t\t\t\tnavigationArrows:\"solo\",\r\n\t\t\t\t\t\tnavigationStyle:\"round\",\r\n\t\t\t\t\t\t\r\n\t\t\t\t\t\ttouchenabled:\"on\",\r\n\t\t\t\t\t\tonHoverStop:\"on\",\r\n\t\t\t\t\t\t\r\n\t\t\t\t\t\tswipe_velocity: 0.7,\r\n\t\t\t\t\t\tswipe_min_touches: 1,\r\n\t\t\t\t\t\tswipe_max_touches: 1,\r\n\t\t\t\t\t\tdrag_block_vertical: false,\r\n\t\t\t\t\t\t\t\t\t\t\t\t\r\n\t\t\t\t\t\tkeyboardNavigation:\"off\",\r\n\t\t\t\t\t\t\r\n\t\t\t\t\t\tnavigationHAlign:\"center\",\r\n\t\t\t\t\t\tnavigationVAlign:\"bottom\",\r\n\t\t\t\t\t\tnavigationHOffset:0,\r\n\t\t\t\t\t\tnavigationVOffset:20,\r\n\r\n\t\t\t\t\t\tsoloArrowLeftHalign:\"left\",\r\n\t\t\t\t\t\tsoloArrowLeftValign:\"center\",\r\n\t\t\t\t\t\tsoloArrowLeftHOffset:20,\r\n\t\t\t\t\t\tsoloArrowLeftVOffset:0,\r\n\r\n\t\t\t\t\t\tsoloArrowRightHalign:\"right\",\r\n\t\t\t\t\t\tsoloArrowRightValign:\"center\",\r\n\t\t\t\t\t\tsoloArrowRightHOffset:20,\r\n\t\t\t\t\t\tsoloArrowRightVOffset:0,\r\n\t\t\t\t\t\t\t\t\r\n\t\t\t\t\t\tshadow:2,\r\n\t\t\t\t\t\tfullWidth:\"off\",\r\n\t\t\t\t\t\tfullScreen:\"off\",\r\n\r\n\t\t\t\t\t\tspinner:\"spinner0\",\r\n\t\t\t\t\t\t\r\n\t\t\t\t\t\tstopLoop:\"off\",\r\n\t\t\t\t\t\tstopAfterLoops:-1,\r\n\t\t\t\t\t\tstopAtSlide:-1,\r\n\r\n\t\t\t\t\t\t\r\n\t\t\t\t\t\tshuffle:\"off\",\r\n\t\t\t\t\t\t\r\n\t\t\t\t\t\t\t\t\t\t\t\t\r\n\t\t\t\t\t\t\t\t\t\t\t\t\r\n\t\t\t\t\t\t\t\t\t\t\t\t\r\n\t\t\t\t\t\t\t\t\t\t\t\t\r\n\t\t\t\t\t\t\t\t\t\t\t\t\r\n\t\t\t\t\t\thideThumbsOnMobile:\"off\",\r\n\t\t\t\t\t\thideNavDelayOnMobile:1500,\t\t\t\t\t\thideBulletsOnMobile:\"off\",\r\n\t\t\t\t\t\thideArrowsOnMobile:\"off\",\r\n\t\t\t\t\t\thideThumbsUnderResolution:0,\r\n\t\t\t\t\t\t\r\n\t\t\t\t\t\thideSliderAtLimit:0,\r\n\t\t\t\t\t\thideCaptionAtLimit:0,\r\n\t\t\t\t\t\thideAllCaptionAtLilmit:0,\r\n\t\t\t\t\t\tstartWithSlide:0,\r\n\t\t\t\t\t\tvideoJsPath:\"https:\/\/www.schmiedhof.eu\/wp-content\/plugins\/revslider\/rs-plugin\/videojs\/\",\r\n\t\t\t\t\t\tfullScreenOffsetContainer: \"\"\t\r\n\t\t\t\t\t});\r\n\t\t\t\t\r\n\t\t\t\t});\t\/\/ready\r\n\t\t\t\t\r\n\t\t\t<\/script>\r\n\t\t\t\r\n\t\t\t<!-- END REVOLUTION SLIDER -->\n\n\n\n<h3>&nbsp;<\/h3>\n\n\n\n<h3 class=\"has-text-align-center\"><strong>Schmiedhof Horsch Leeb PT280 im Einsatz<\/strong><\/h3>\n\n\n\n<h3 class=\"has-text-align-center\"><figure><iframe loading=\"lazy\" src=\"https:\/\/www.youtube.com\/embed\/SnXDMlmaJGM\" width=\"600\" height=\"450\" frameborder=\"0\" allowfullscreen=\"allowfullscreen\"><\/iframe><\/figure><\/h3>\n\n\n\n<h3 class=\"has-text-align-center\"><figure><iframe loading=\"lazy\" src=\"https:\/\/www.youtube.com\/embed\/_ie54VxXV2A\" width=\"600\" height=\"450\" frameborder=\"0\" allowfullscreen=\"allowfullscreen\"><\/iframe><\/figure><\/h3>\n\n\n\n<h3 class=\"has-text-align-center\"><figure><iframe loading=\"lazy\" src=\"https:\/\/www.youtube.com\/embed\/Pq6LCyEsghk\" width=\"600\" height=\"450\" frameborder=\"0\" allowfullscreen=\"allowfullscreen\"><\/iframe><\/figure><\/h3>\n\n\n\n<h3 class=\"has-text-align-center\"><figure><iframe loading=\"lazy\" src=\"https:\/\/www.youtube.com\/embed\/yiBcK0EJVuI\" width=\"600\" height=\"450\" frameborder=\"0\" allowfullscreen=\"allowfullscreen\"><\/iframe><\/figure><\/h3>\n\n\n\n<h3>&nbsp;<\/h3>\n\n\n\n<h3>Leeb PT 280<\/h3>\n\n\n\n<h3 class=\"has-text-align-center\"><figure><iframe loading=\"lazy\" src=\"https:\/\/www.youtube.com\/embed\/Umwf1kXnUQA\" width=\"600\" height=\"450\" frameborder=\"0\" allowfullscreen=\"allowfullscreen\"><\/iframe><\/figure><\/h3>\n\n\n\n<h3>Leeb PT 280 &#8211; neue Ma\u00dfst\u00e4be in der Pflanzenschutztechnik<\/h3>\n\n\n\n<div class=\"wp-block-image\"><figure class=\"aligncenter\"><a href=\"https:\/\/www.schmiedhof.eu\/wp-content\/uploads\/2016\/07\/PT280_Ijpg.jpg\"><img loading=\"lazy\" width=\"600\" height=\"450\" src=\"https:\/\/www.schmiedhof.eu\/wp-content\/uploads\/2016\/07\/PT280_Ijpg.jpg\" alt=\"PT280_Ijpg\" class=\"wp-image-323\" srcset=\"https:\/\/www.schmiedhof.eu\/wp-content\/uploads\/2016\/07\/PT280_Ijpg.jpg 600w, https:\/\/www.schmiedhof.eu\/wp-content\/uploads\/2016\/07\/PT280_Ijpg-300x225.jpg 300w, https:\/\/www.schmiedhof.eu\/wp-content\/uploads\/2016\/07\/PT280_Ijpg-320x240.jpg 320w, https:\/\/www.schmiedhof.eu\/wp-content\/uploads\/2016\/07\/PT280_Ijpg-239x179.jpg 239w\" sizes=\"(max-width: 600px) 100vw, 600px\" \/><\/a><\/figure><\/div>\n\n\n\n<div class=\"wp-block-image\"><figure class=\"aligncenter\"><a href=\"https:\/\/www.schmiedhof.eu\/wp-content\/uploads\/2016\/07\/PT280.jpg\"><img loading=\"lazy\" width=\"600\" height=\"450\" src=\"https:\/\/www.schmiedhof.eu\/wp-content\/uploads\/2016\/07\/PT280.jpg\" alt=\"PT280\" class=\"wp-image-322\" srcset=\"https:\/\/www.schmiedhof.eu\/wp-content\/uploads\/2016\/07\/PT280.jpg 600w, https:\/\/www.schmiedhof.eu\/wp-content\/uploads\/2016\/07\/PT280-300x225.jpg 300w, https:\/\/www.schmiedhof.eu\/wp-content\/uploads\/2016\/07\/PT280-320x240.jpg 320w, https:\/\/www.schmiedhof.eu\/wp-content\/uploads\/2016\/07\/PT280-239x179.jpg 239w\" sizes=\"(max-width: 600px) 100vw, 600px\" \/><\/a><\/figure><\/div>\n\n\n\n<div class=\"c50l\">\n<div class=\"subcl\">\n<div id=\"c2181\" class=\"csc-default\">\n<ul>\n<li>Selbstfahrende Spritze mit gro\u00dfer Fl\u00e4chenleistung<\/li>\n<li>Bis zu 36 m Arbeitsbreite<\/li>\n<li>Pneumatische Einzeld\u00fcsenschaltung<\/li>\n<li>Edelstahltank f\u00fcr eine lange Lebensdauer und eine einfache Reinigung ohne R\u00fcckst\u00e4nde<\/li>\n<li>Reinigungssystem nach dem Verdr\u00e4ngungsprinzip f\u00fcr weniger Wasserverbrauch und schnellere Reinigung<\/li>\n<\/ul>\n<\/div>\n<\/div>\n<\/div>\n\n\n\n<div class=\"c50r\">\n<div class=\"subcr\">\n<div id=\"c2182\" class=\"csc-default\">\n<ul>\n<li>Kreiselpumpe mit geringem Verschlei\u00df und hoher Lebensleitung<\/li>\n<li>Stahlgest\u00e4nge mit kraftschl\u00fcssigen Verbindungen<\/li>\n<li>8.000 l Tankinhalt<\/li>\n<li>270 PS Motorleistung<\/li>\n<li>Ca. 0,8 l \/ ha Dieselverbrauch<\/li>\n<li>Bef\u00fcllleistung von 1.000 l \/ min<\/li>\n<\/ul>\n<\/div>\n<\/div>\n<\/div>\n","protected":false},"excerpt":{"rendered":"<p>\u272a Saison 2021 \u272a \u272a Ernte 2020 \u272a \u272a Ernte 2019 \u272a \u272a Weizenernte 2018 \u272a &nbsp; Schmiedhof Horsch Leeb PT280 im Einsatz &nbsp; Leeb PT 280 Leeb PT 280 &#8211; neue Ma\u00dfst\u00e4be in der Pflanzenschutztechnik Selbstfahrende Spritze mit gro\u00dfer Fl\u00e4chenleistung Bis zu 36 m Arbeitsbreite Pneumatische Einzeld\u00fcsenschaltung Edelstahltank f\u00fcr eine lange Lebensdauer und eine [&hellip;]<\/p>\n","protected":false},"author":2,"featured_media":0,"parent":0,"menu_order":0,"comment_status":"closed","ping_status":"closed","template":"","meta":[],"_links":{"self":[{"href":"https:\/\/www.schmiedhof.eu\/index.php?rest_route=\/wp\/v2\/pages\/232"}],"collection":[{"href":"https:\/\/www.schmiedhof.eu\/index.php?rest_route=\/wp\/v2\/pages"}],"about":[{"href":"https:\/\/www.schmiedhof.eu\/index.php?rest_route=\/wp\/v2\/types\/page"}],"author":[{"embeddable":true,"href":"https:\/\/www.schmiedhof.eu\/index.php?rest_route=\/wp\/v2\/users\/2"}],"replies":[{"embeddable":true,"href":"https:\/\/www.schmiedhof.eu\/index.php?rest_route=%2Fwp%2Fv2%2Fcomments&post=232"}],"version-history":[{"count":44,"href":"https:\/\/www.schmiedhof.eu\/index.php?rest_route=\/wp\/v2\/pages\/232\/revisions"}],"predecessor-version":[{"id":633,"href":"https:\/\/www.schmiedhof.eu\/index.php?rest_route=\/wp\/v2\/pages\/232\/revisions\/633"}],"wp:attachment":[{"href":"https:\/\/www.schmiedhof.eu\/index.php?rest_route=%2Fwp%2Fv2%2Fmedia&parent=232"}],"curies":[{"name":"wp","href":"https:\/\/api.w.org\/{rel}","templated":true}]}}